{"id":78,"date":"2023-06-08T16:39:03","date_gmt":"2023-06-08T14:39:03","guid":{"rendered":"http:\/\/saintcolomban.eu\/?page_id=78"},"modified":"2025-07-01T09:09:29","modified_gmt":"2025-07-01T07:09:29","slug":"lensemble-scolaire-saint-colomban","status":"publish","type":"page","link":"https:\/\/saintcolomban.eu\/index.php\/lensemble-scolaire-saint-colomban\/","title":{"rendered":"L&rsquo;ensemble scolaire"},"content":{"rendered":"\n<p class=\"has-text-align-justify\"><strong><mark style=\"background-color:rgba(0, 0, 0, 0);color:#e48312\" class=\"has-inline-color\">Saint-Colomban<\/mark><\/strong>, situ\u00e9 sur la commune Serris, a \u00e9t\u00e9 initi\u00e9 sous la tutelle de l\u2019Ev\u00eaque de Meaux et de la Direction Dioc\u00e9saine de l\u2019Enseignement Catholique, \u00e0 la demande des familles de Seine-et-Marne.<\/p>\n\n\n\n<p>Il cr\u00e9era des liens avec <strong>la paroisse<\/strong>, <strong>les entreprises<\/strong>&nbsp;et&nbsp;<strong>entre les habitants<\/strong>&nbsp;de l\u2019agglom\u00e9ration.<\/p>\n\n\n\n<p>Saint-Colomban sera situ\u00e9 rue Magellan sur la commune de Serris, dans un secteur en fort d\u00e9veloppement (Disney et Marne la Vall\u00e9e) o\u00f9 la population passera en 7 ans de 35.000 \u00e0 75.000 habitants.<\/p>\n\n\n\n<p>L\u2019\u00e9tablissement scolaire catholique priv\u00e9 sous contrat pourra accueillir, \u00e0 terme,<strong>&nbsp;pr\u00e8s de 1.500 \u00e9l\u00e8ves, du coll\u00e8ge au lyc\u00e9e<\/strong>&nbsp;<strong>pour une future rentr\u00e9e en septembre 2023.<\/strong>&nbsp;<\/p>\n\n\n\n<p>L\u2019institution Saint-Colomban se composera :<\/p>\n\n\n\n<ul class=\"wp-block-list\">\n<li>d\u2019un coll\u00e8ge, <\/li>\n\n\n\n<li>d\u2019un lyc\u00e9e,<\/li>\n\n\n\n<li>d\u2019une salle d\u2019activit\u00e9 jeunesse,<\/li>\n\n\n\n<li>d\u2019un presbyt\u00e8re pour loger trois pr\u00eatres, <\/li>\n\n\n\n<li>d&rsquo;un auditorium de 300 places.<\/li>\n<\/ul>\n\n\n\n<p>L\u2019\u00e9tablissement scolaire cr\u00e9era des liens :<br>\u2013<strong>&nbsp;avec la paroisse<\/strong>&nbsp;pour mutualiser les moyens et cr\u00e9er une \u00e9mulation entre les fid\u00e8les et les jeunes ;<br>\u2013&nbsp;<strong>avec les entreprises<\/strong>&nbsp;du secteur pour offrir des formations adapt\u00e9es au tissu \u00e9conomique local ;<br>\u2013&nbsp;<strong>entre les habitants<\/strong>&nbsp;de l\u2019agglom\u00e9ration, o\u00f9 se c\u00f4toient une soixantaine de nationalit\u00e9s\u2026<\/p>\n\n\n\n<p><strong><mark style=\"background-color:rgba(0, 0, 0, 0);color:#cf2e2e\" class=\"has-inline-color\">Septembre\u00a02023,\u00a0l\u2019\u00e9tablissement\u00a0a ouvert trois classes\u00a0de\u00a06\u00e8me\u00a0et\u00a0une classe\u00a0de\u00a02nde\u00a0dans\u00a0un\u00a0b\u00e2timent\u00a0provisoire.<\/mark><\/strong><\/p>\n\n\n\n<p><strong><mark style=\"background-color:rgba(0, 0, 0, 0);color:#cf2e2e\" class=\"has-inline-color\">Septembre 2024, ouverture de trois classes de 5\u00e8me et d&rsquo;une classe de 1\u00e8re g\u00e9n\u00e9rale.<\/mark><\/strong><\/p>\n\n\n\n<p><strong><mark style=\"background-color:rgba(0, 0, 0, 0);color:#cf2e2e\" class=\"has-inline-color\">Septembre 2025, ouverture de trois classes de 4\u00e8me et d&rsquo;une classe de Terminale g\u00e9n\u00e9rale.<\/mark><\/strong><\/p>\n\n\n\n<figure class=\"wp-block-gallery has-nested-images columns-default is-cropped wp-block-gallery-1 is-layout-flex wp-block-gallery-is-layout-flex\">\n<figure class=\"wp-block-image size-large is-style-twentytwentyone-border\"><img loading=\"lazy\" decoding=\"async\" width=\"561\" height=\"596\" data-id=\"46\" src=\"http:\/\/saintcolomban.eu\/wp-content\/uploads\/2023\/06\/refectoire.jpg\" alt=\"\" class=\"wp-image-46\" srcset=\"https:\/\/saintcolomban.eu\/wp-content\/uploads\/2023\/06\/refectoire.jpg 561w, https:\/\/saintcolomban.eu\/wp-content\/uploads\/2023\/06\/refectoire-282x300.jpg 282w\" sizes=\"auto, (max-width: 561px) 100vw, 561px\" \/><figcaption class=\"wp-element-caption\"><strong><mark style=\"background-color:#FFFFFF\" class=\"has-inline-color has-black-color\">Le r\u00e9fectoire<\/mark><\/strong><\/figcaption><\/figure>\n\n\n\n<figure class=\"wp-block-image size-large is-style-twentytwentyone-border\"><img loading=\"lazy\" decoding=\"async\" width=\"747\" height=\"795\" data-id=\"48\" src=\"http:\/\/saintcolomban.eu\/wp-content\/uploads\/2023\/06\/salle-de-classe.jpg\" alt=\"\" class=\"wp-image-48\" srcset=\"https:\/\/saintcolomban.eu\/wp-content\/uploads\/2023\/06\/salle-de-classe.jpg 747w, https:\/\/saintcolomban.eu\/wp-content\/uploads\/2023\/06\/salle-de-classe-282x300.jpg 282w\" sizes=\"auto, (max-width: 747px) 100vw, 747px\" \/><figcaption class=\"wp-element-caption\"><strong><mark style=\"background-color:#FFFFFF\" class=\"has-inline-color has-black-color\">Une salle de classe<\/mark><\/strong><\/figcaption><\/figure>\n<\/figure>\n\n\n\n<figure class=\"wp-block-image size-full is-resized\"><img loading=\"lazy\" decoding=\"async\" width=\"932\" height=\"587\" src=\"http:\/\/saintcolomban.eu\/wp-content\/uploads\/2023\/06\/emplacements.jpg\" alt=\"\" class=\"wp-image-33\" style=\"width:607px;height:382px\" srcset=\"https:\/\/saintcolomban.eu\/wp-content\/uploads\/2023\/06\/emplacements.jpg 932w, https:\/\/saintcolomban.eu\/wp-content\/uploads\/2023\/06\/emplacements-300x189.jpg 300w, https:\/\/saintcolomban.eu\/wp-content\/uploads\/2023\/06\/emplacements-768x484.jpg 768w\" sizes=\"auto, (max-width: 932px) 100vw, 932px\" \/><\/figure>\n\n\n\n<h2 class=\"wp-block-heading has-text-align-center\"><strong><mark style=\"background-color:rgba(0, 0, 0, 0);color:#e48312\" class=\"has-inline-color\">Le projet de l&rsquo;ensemble Saint-Colomban<\/mark><\/strong><\/h2>\n\n\n\n<figure class=\"wp-block-image size-full\"><img loading=\"lazy\" decoding=\"async\" width=\"1024\" height=\"724\" src=\"http:\/\/saintcolomban.eu\/wp-content\/uploads\/2023\/06\/vue-ac3a9rienne-esquisse-darchitectes-non-contractuelle.webp\" alt=\"\" class=\"wp-image-52\" srcset=\"https:\/\/saintcolomban.eu\/wp-content\/uploads\/2023\/06\/vue-ac3a9rienne-esquisse-darchitectes-non-contractuelle.webp 1024w, https:\/\/saintcolomban.eu\/wp-content\/uploads\/2023\/06\/vue-ac3a9rienne-esquisse-darchitectes-non-contractuelle-300x212.webp 300w, https:\/\/saintcolomban.eu\/wp-content\/uploads\/2023\/06\/vue-ac3a9rienne-esquisse-darchitectes-non-contractuelle-768x543.webp 768w\" sizes=\"auto, (max-width: 1024px) 100vw, 1024px\" \/><\/figure>\n\n\n\n<p>Saint Colomban ce sera \u00e9galement la construction d&rsquo;une <strong><mark style=\"background-color:rgba(0, 0, 0, 0);color:#e48312\" class=\"has-inline-color\">\u00e9glise <\/mark><\/strong>qui sera au c\u0153ur du Val d&rsquo;Europe. <strong>Aujourd\u2019hui, les 5 \u00e9glises historiques existantes ne peuvent accueillir l\u2019ensemble des fid\u00e8les lors des grands temps liturgiques.<\/strong>&nbsp;Notre-Dame de l\u2019Assomption (Bailly-Romainvilliers), Saint-Pierre (Coupvray), Sainte-Genevi\u00e8ve (Magny-le-Hongre), Saint-Nicolas (Chessy) et Saint-Michel (Serris) sont en effet des \u00e9glises rurales, de petites tailles, \u00e9loign\u00e9es des grands bassins de population. <strong>La grande \u00e9glise modulaire offrira un lieu vaste et adapt\u00e9 \u00e0 la rencontre des catholiques du territoire<\/strong>, dans une logique de \u00ab&nbsp;proximit\u00e9 missionnaire&nbsp;\u00bb.<\/p>\n\n\n\n<p>L\u2019\u00e9glise sera&nbsp;<strong>visible<\/strong>&nbsp;au c\u0153ur du centre urbain, tant pour les habitants que pour les nombreux touristes. De plus les grands temps du calendrier liturgique pourront ainsi \u00eatre c\u00e9l\u00e9br\u00e9s en y associant la pastorale du futur \u00e9tablissement scolaire.<\/p>\n\n\n\n<p>L&rsquo;institution sera \u00e0 terme dot\u00e9e d&rsquo;une salle d&rsquo;activit\u00e9 jeunesse et d&rsquo;un auditorium.<\/p>\n\n\n\n<h3 class=\"wp-block-heading has-text-align-center\" style=\"text-decoration:underline\"><strong><mark style=\"background-color:rgba(0, 0, 0, 0);color:#e48312\" class=\"has-inline-color\">Messe pour la Saint Colomban<\/mark><\/strong><\/h3>\n\n\n\n<p>Le 23 novembre 2021, jour de la saint Colomban, le p\u00e8re Charles Cornudet, cur\u00e9 de la paroisse, a c\u00e9l\u00e9br\u00e9 une messe sur le terrain de la future \u00e9glise Saint-Colomban. Ont particip\u00e9 \u00e0 cette c\u00e9l\u00e9bration, des paroissiens et des membres de l&rsquo;\u00e9quipe du projet.<\/p>\n\n\n\n<figure class=\"wp-block-image aligncenter size-full is-resized\"><img loading=\"lazy\" decoding=\"async\" width=\"511\" height=\"384\" src=\"http:\/\/saintcolomban.eu\/wp-content\/uploads\/2023\/06\/messe-pour-la-St-Colomban-1.jpg\" alt=\"\" class=\"wp-image-79\" style=\"width:591px;height:444px\" srcset=\"https:\/\/saintcolomban.eu\/wp-content\/uploads\/2023\/06\/messe-pour-la-St-Colomban-1.jpg 511w, https:\/\/saintcolomban.eu\/wp-content\/uploads\/2023\/06\/messe-pour-la-St-Colomban-1-300x225.jpg 300w\" sizes=\"auto, (max-width: 511px) 100vw, 511px\" \/><\/figure>\n\n\n\n<h3 class=\"wp-block-heading has-text-align-center\" style=\"text-decoration:underline\"><strong><mark style=\"background-color:rgba(0, 0, 0, 0);color:#e48312\" class=\"has-inline-color\">B\u00e9n\u00e9diction du terrain<\/mark><\/strong><\/h3>\n\n\n\n<p>Le dimanche 9 octobre 2022, Monseigneur Jean-Yves Nahmias a b\u00e9nit le terrain o\u00f9 seront construits l&rsquo;\u00e9glise, l&rsquo;institution et le centre culturel Saint-Colomban.<\/p>\n\n\n\n<figure class=\"wp-block-image aligncenter size-full is-resized\"><img loading=\"lazy\" decoding=\"async\" width=\"474\" height=\"293\" src=\"http:\/\/saintcolomban.eu\/wp-content\/uploads\/2023\/06\/Benediction-du-terrain.jpg\" alt=\"\" class=\"wp-image-27\" style=\"width:606px;height:375px\" srcset=\"https:\/\/saintcolomban.eu\/wp-content\/uploads\/2023\/06\/Benediction-du-terrain.jpg 474w, https:\/\/saintcolomban.eu\/wp-content\/uploads\/2023\/06\/Benediction-du-terrain-300x185.jpg 300w\" sizes=\"auto, (max-width: 474px) 100vw, 474px\" \/><\/figure>\n\n\n\n<h3 class=\"wp-block-heading has-text-align-center\" style=\"text-decoration:underline\"><strong><mark style=\"background-color:rgba(0, 0, 0, 0);color:#e48312\" class=\"has-inline-color\">Mise en place de la palissade de chantier<\/mark><\/strong><\/h3>\n\n\n\n<p>Une grande palissade de chantier a \u00e9t\u00e9 install\u00e9e fin mars 2022 autour des 26000 m2 de l&rsquo;ensemble du projet Saint-Colomban.<\/p>\n\n\n\n<p>Les immeubles qui feront face \u00e0 Saint-Colomban ont bien avanc\u00e9 leur construction.<\/p>\n\n\n\n<figure class=\"wp-block-image aligncenter\"><img decoding=\"async\" src=\"https:\/\/sitesaintcolombancom.files.wordpress.com\/2023\/03\/mise-en-place-de-la-palissade-de-chantier.jpg\" alt=\"Mise en place de la palissade de chantier\" class=\"wp-image-87\"\/><\/figure>\n","protected":false},"excerpt":{"rendered":"<p>Saint-Colomban, situ\u00e9 sur la commune Serris, a \u00e9t\u00e9 initi\u00e9 sous la tutelle de l\u2019Ev\u00eaque de Meaux et de la Direction Dioc\u00e9saine de l\u2019Enseignement Catholique, \u00e0 la demande des familles de Seine-et-Marne. Il cr\u00e9era des liens avec la paroisse, les entreprises&nbsp;et&nbsp;entre les habitants&nbsp;de l\u2019agglom\u00e9ration. Saint-Colomban sera situ\u00e9 rue Magellan sur la commune de Serris, dans un&hellip;<\/p>\n","protected":false},"author":2,"featured_media":0,"parent":0,"menu_order":2,"comment_status":"closed","ping_status":"closed","template":"","meta":{"footnotes":""},"class_list":["post-78","page","type-page","status-publish","hentry"],"_links":{"self":[{"href":"https:\/\/saintcolomban.eu\/index.php\/wp-json\/wp\/v2\/pages\/78","targetHints":{"allow":["GET"]}}],"collection":[{"href":"https:\/\/saintcolomban.eu\/index.php\/wp-json\/wp\/v2\/pages"}],"about":[{"href":"https:\/\/saintcolomban.eu\/index.php\/wp-json\/wp\/v2\/types\/page"}],"author":[{"embeddable":true,"href":"https:\/\/saintcolomban.eu\/index.php\/wp-json\/wp\/v2\/users\/2"}],"replies":[{"embeddable":true,"href":"https:\/\/saintcolomban.eu\/index.php\/wp-json\/wp\/v2\/comments?post=78"}],"version-history":[{"count":7,"href":"https:\/\/saintcolomban.eu\/index.php\/wp-json\/wp\/v2\/pages\/78\/revisions"}],"predecessor-version":[{"id":347,"href":"https:\/\/saintcolomban.eu\/index.php\/wp-json\/wp\/v2\/pages\/78\/revisions\/347"}],"wp:attachment":[{"href":"https:\/\/saintcolomban.eu\/index.php\/wp-json\/wp\/v2\/media?parent=78"}],"curies":[{"name":"wp","href":"https:\/\/api.w.org\/{rel}","templated":true}]}}